{"id":32184,"date":"2023-04-13T17:36:01","date_gmt":"2023-04-13T15:36:01","guid":{"rendered":"https:\/\/beta.cybus.io\/?page_id=32184"},"modified":"2023-04-13T17:57:58","modified_gmt":"2023-04-13T15:57:58","slug":"working-student-people-operations","status":"publish","type":"page","link":"https:\/\/www.cybus.io\/en\/jobs\/career\/working-student-people-operations\/","title":{"rendered":"Werkstudent People Operations"},"content":{"rendered":"\n<div class=\"wp-block-nb-hero-slider ce ce-hero-slider\"><div class=\"swiper-container\"><div class=\"swiper-wrapper\">\n<div class=\"wp-block-nb-hero-slider-item swiper-slide\"><figure><div class=\"img-wrapper\"><img loading=\"lazy\" decoding=\"async\" width=\"1600\" height=\"841\" src=\"https:\/\/www.cybus.io\/wp-content\/uploads\/2022\/03\/node-js-developer-vacancies-1.jpeg\" class=\"wp-image-21096\" srcset=\"https:\/\/www.cybus.io\/wp-content\/uploads\/2022\/03\/node-js-developer-vacancies-1.jpeg 1600w, https:\/\/www.cybus.io\/wp-content\/uploads\/2022\/03\/node-js-developer-vacancies-1-300x158.jpeg 300w, https:\/\/www.cybus.io\/wp-content\/uploads\/2022\/03\/node-js-developer-vacancies-1-1024x538.jpeg 1024w, https:\/\/www.cybus.io\/wp-content\/uploads\/2022\/03\/node-js-developer-vacancies-1-768x404.jpeg 768w, https:\/\/www.cybus.io\/wp-content\/uploads\/2022\/03\/node-js-developer-vacancies-1-1536x807.jpeg 1536w\" sizes=\"auto, (max-width: 1600px) 100vw, 1600px\" \/><\/div><figcaption><div class=\"container\"><div class=\"row\"><div class=\"col\"><div class=\"slide-caption\">\n<p class=\"wp-block-paragraph\">Hamburg \/ Remote, Full-time<\/p>\n\n\n\n<h2 class=\"wp-block-heading is-style-hero-title\">Working Student &#8211; People Operations&nbsp;<br>(all genders)<\/h2>\n\n\n\n<div class=\"wp-block-buttons is-layout-flex wp-block-buttons-is-layout-flex\">\n<div class=\"wp-block-button is-style-primary\"><a class=\"wp-block-button__link wp-element-button\" href=\"https:\/\/cybus-gmbh.jobs.personio.de\/job\/923679#apply\">apply now<\/a><\/div>\n<\/div>\n<\/div><\/div><\/div><\/div><\/figcaption><\/figure><\/div>\n<\/div><\/div><div class=\"swiper-pagination\"><\/div><\/div>\n\n\n\n<div class=\"wp-block-nb-onecol ce ce-onecol pt-large pb-large wide bgr-blue-light\"><div class=\"container\"><div class=\"row\"><div class=\"col\">\n<h2 class=\"wp-block-heading\"><strong>Join our team of explorers, pioneers and creators!<\/strong><\/h2>\n\n\n\n<h3 class=\"wp-block-heading\"><br>About Cybus<\/h3>\n\n\n\n<p class=\"wp-block-paragraph\">Since 2015 Cybus\u2019 Team has been steadily growing to over 40 people with the unifying mission to push innovation in the manufacturing industry by applying the proven principles of internet technologies. We are IoT experts, experienced programmers and engineers and overall experts in diverse domains, which enables us to empower factories to gain long-term independence from manufacturers and vendors.<\/p>\n\n\n\n<h3 class=\"wp-block-heading\">What we do<\/h3>\n\n\n\n<p class=\"wp-block-paragraph\">Facing the reality of high quantity production and of climate change, we face the challenge of using less resources and energy and producing less waste in the manufacturing industry. The opportunity to apply those principles is more achievable with the Cybus Connectware. It enables efficient and smart production processes in factories by connecting all the machines on a factory\u2019s shop floor, consolidating the diverse data sets and providing the data for eg. visualizing or analyzing purposes. This way Operational Technology (OT) and IT of a shop floor are connected and empower factories to function smarter and resource consciously.<\/p>\n<\/div><\/div><\/div><\/div>\n\n\n\n<div class=\"wp-block-nb-twocol-img-borderless ce ce-twocol-img-borderless img-left vertically-centered bgr-blue-light\"><figure class=\"borderless-img\"><img loading=\"lazy\" decoding=\"async\" width=\"1440\" height=\"960\" src=\"https:\/\/www.cybus.io\/wp-content\/uploads\/2022\/02\/about-cybus-team-colleagues.png\" class=\"wp-image-20287\" srcset=\"https:\/\/www.cybus.io\/wp-content\/uploads\/2022\/02\/about-cybus-team-colleagues.png 1440w, https:\/\/www.cybus.io\/wp-content\/uploads\/2022\/02\/about-cybus-team-colleagues-300x200.png 300w, https:\/\/www.cybus.io\/wp-content\/uploads\/2022\/02\/about-cybus-team-colleagues-1024x683.png 1024w, https:\/\/www.cybus.io\/wp-content\/uploads\/2022\/02\/about-cybus-team-colleagues-768x512.png 768w\" sizes=\"auto, (max-width: 1440px) 100vw, 1440px\" \/><\/figure><div class=\"container\"><div class=\"row\"><div class=\"col\">\n<h2 class=\"wp-block-heading\">About the role as Working Student &#8211; People Operations&nbsp;(gn)<\/h2>\n\n\n\n<h3 class=\"wp-block-heading\">Position and Tasks<\/h3>\n\n\n\n<p class=\"wp-block-paragraph\">As a <strong>Working Student &#8211; People Operations (gn) <\/strong>you will be part of the Cybus HR team and gain exciting insights into the day-to-day business of HR with a focus on the People Operations area. You support the team in the processing of the respective HR topics and also contribute to the improvement of processes and innovative projects.<\/p>\n\n\n\n<p class=\"wp-block-paragraph\"><strong>Deine Aufgaben:<\/strong><\/p>\n\n\n\n<ul class=\"is-style-arrow-list wp-block-list\">\n<li>You support us in the daily personnel support and process employee inquiries<\/li>\n\n\n\n<li>You will assist with key HR processes and tasks along the Employee Lifecycle as well as preparatory payroll<\/li>\n\n\n\n<li>In our digital personnel management system (Personio), you maintain employee data, ensure its completeness and correctness, and support with evaluations and reports<\/li>\n\n\n\n<li>You take on the topic of data protection and form the interface to our ext. data protection officer<\/li>\n\n\n\n<li>Depending on capacities and areas of interest, you will have the opportunity to participate in recruitment and cultural initiatives<\/li>\n<\/ul>\n<\/div><\/div><\/div><\/div>\n\n\n\n<div class=\"wp-block-nb-twocol-img-borderless ce ce-twocol-img-borderless img-right vertically-centered\"><figure class=\"borderless-img\"><img loading=\"lazy\" decoding=\"async\" width=\"724\" height=\"483\" src=\"https:\/\/www.cybus.io\/wp-content\/uploads\/2022\/02\/digital-transparency-workshop.jpg\" class=\"wp-image-20263\" srcset=\"https:\/\/www.cybus.io\/wp-content\/uploads\/2022\/02\/digital-transparency-workshop.jpg 724w, https:\/\/www.cybus.io\/wp-content\/uploads\/2022\/02\/digital-transparency-workshop-300x200.jpg 300w\" sizes=\"auto, (max-width: 724px) 100vw, 724px\" \/><\/figure><div class=\"container\"><div class=\"row\"><div class=\"col\">\n<h2 class=\"wp-block-heading\">Your Profile<\/h2>\n\n\n\n<h3 class=\"wp-block-heading\">Qualifications and Skills<\/h3>\n\n\n\n<ul class=\"is-style-arrow-list wp-block-list\">\n<li>You are enrolled at a college or university in the Bachelor&#8217;s degree in the higher semester or in the Master&#8217;s degree<\/li>\n\n\n\n<li>An independent and structured way of working as well as high reliability, accuracy and discretion characterize you<\/li>\n\n\n\n<li>Fluent German and good English skills round off your openness and communication skills<\/li>\n<\/ul>\n\n\n\n<p class=\"wp-block-paragraph\"><strong>Bonuspunkte f\u00fcr:<\/strong><\/p>\n\n\n\n<ul class=\"is-style-arrow-list wp-block-list\">\n<li>You have already gained some practical experience in personnel work<\/li>\n<\/ul>\n<\/div><\/div><\/div><\/div>\n\n\n\n<div class=\"wp-block-nb-onecol ce ce-onecol pt-large wide bgr-blue\"><div class=\"container\"><div class=\"row\"><div class=\"col\">\n<h2 class=\"wp-block-heading\">Why join the Cybus Team as Working Student People Operations (gn)<\/h2>\n\n\n\n<h3 class=\"wp-block-heading\">Your benefits<\/h3>\n<\/div><\/div><\/div><\/div>\n\n\n\n<div class=\"wp-block-nb-onecol ce ce-onecol pt-medium pb-large wide bgr-blue\"><div class=\"container\"><div class=\"row\"><div class=\"col\">\n<div class=\"wp-block-nb-icontext wp-block-icontext is-threecol is-small\"><div class=\"icontext\">\n<div class=\"wp-block-nb-icontext-item icontext-item\"><figure class=\"icontext-img\"><img decoding=\"async\" src=\"https:\/\/www.cybus.io\/wp-content\/uploads\/2022\/02\/remote-arbeit-benefit.png\"\/><\/figure><div class=\"icontext-caption\">\n<p class=\"is-style-sub-headline has-white-color has-text-color wp-block-paragraph\">REMOTE ARBEIT UND FLEXIBLE ARBEITSZEITEN<\/p>\n\n\n\n<p class=\"wp-block-paragraph\">Arbeite aus dem Homeoffice, unter Palmen, in unserem HQ in Hamburg oder im Berliner Office. Wir leben flexible Arbeitszeiten, je nach Deinen pers\u00f6nlichen Bed\u00fcrfnissen und denen Deines Teams.<\/p>\n<\/div><\/div>\n\n\n\n<div class=\"wp-block-nb-icontext-item icontext-item\"><figure class=\"icontext-img\"><img decoding=\"async\" src=\"https:\/\/www.cybus.io\/wp-content\/uploads\/2022\/02\/innovation-benefit.png\"\/><\/figure><div class=\"icontext-caption\">\n<p class=\"is-style-sub-headline has-white-color has-text-color wp-block-paragraph\"><strong>INNOVATION<\/strong><\/p>\n\n\n\n<p class=\"wp-block-paragraph\">Arbeite mit modernsten Technologien und gestalte die Digitalisierung der Industrie mit.&nbsp;<\/p>\n<\/div><\/div>\n\n\n\n<div class=\"wp-block-nb-icontext-item icontext-item\"><figure class=\"icontext-img\"><img decoding=\"async\" src=\"https:\/\/www.cybus.io\/wp-content\/uploads\/2022\/02\/flache-hierarchien-benefit.png\"\/><\/figure><div class=\"icontext-caption\">\n<p class=\"is-style-sub-headline has-white-color has-text-color wp-block-paragraph\"><strong>FLACHE HIERARCHIEN UND EMPOWERMENT<\/strong><\/p>\n\n\n\n<p class=\"wp-block-paragraph\">Bei uns findest Du flache Hierarchien mit kurzen Entscheidungswegen und viel Mitspracherecht und Raum, um eigene Ideen einzubringen.<\/p>\n<\/div><\/div>\n<\/div><\/div>\n\n\n\n<div class=\"wp-block-nb-icontext wp-block-icontext is-threecol is-small\"><div class=\"icontext\">\n<div class=\"wp-block-nb-icontext-item icontext-item\"><figure class=\"icontext-img\"><img decoding=\"async\" src=\"https:\/\/www.cybus.io\/wp-content\/uploads\/2022\/02\/Pictograms-Cybus-Blue-copy-95.png\"\/><\/figure><div class=\"icontext-caption\">\n<p class=\"is-style-sub-headline has-white-color has-text-color wp-block-paragraph\"><strong><strong>30 Tage Urlaub<\/strong><\/strong><\/p>\n\n\n\n<p class=\"wp-block-paragraph\">6 Wochen Urlaub pro Jahr und ein einmaliger Zusatzurlaub von bis zu 4 Wochen je nach Betriebszugeh\u00f6rigkeit.<\/p>\n<\/div><\/div>\n\n\n\n<div class=\"wp-block-nb-icontext-item icontext-item\"><figure class=\"icontext-img\"><img decoding=\"async\" src=\"https:\/\/www.cybus.io\/wp-content\/uploads\/2022\/02\/benefit-weiterbildung.png\"\/><\/figure><div class=\"icontext-caption\">\n<p class=\"is-style-sub-headline has-white-color has-text-color wp-block-paragraph\"><strong><strong>weiterbildung<\/strong><\/strong><\/p>\n\n\n\n<p class=\"wp-block-paragraph\">Wir unterst\u00fctzen Dich bei Deiner kontinuierlichen Weiterbildung und bieten pers\u00f6nliche und berufliche Entwicklungsm\u00f6glichkeiten.<\/p>\n<\/div><\/div>\n\n\n\n<div class=\"wp-block-nb-icontext-item icontext-item\"><figure class=\"icontext-img\"><img decoding=\"async\" src=\"https:\/\/www.cybus.io\/wp-content\/uploads\/2022\/02\/team-benefit.png\"\/><\/figure><div class=\"icontext-caption\">\n<p class=\"is-style-sub-headline has-white-color has-text-color wp-block-paragraph\"><strong><strong>TEAM AND EVENTS<\/strong><\/strong><\/p>\n\n\n\n<p class=\"wp-block-paragraph\">Vielfalt, gegenseitige Wertsch\u00e4tzung und ein starkes Miteinander sind f\u00fcr uns essentiell. Daf\u00fcr organisieren wir abwechslungsreiche, on- und offline Team- und Firmenevents.<\/p>\n<\/div><\/div>\n\n\n\n<div class=\"wp-block-nb-icontext-item icontext-item\"><figure class=\"icontext-img\"><img decoding=\"async\" src=\"https:\/\/www.cybus.io\/wp-content\/uploads\/2022\/03\/cropped-cybus-logo-bildmarke300x290.png\"\/><\/figure><div class=\"icontext-caption\">\n<p class=\"is-style-sub-headline has-white-color has-text-color wp-block-paragraph\"><strong><strong>PURPOSE<\/strong><\/strong><\/p>\n\n\n\n<p class=\"wp-block-paragraph\">Wir leisten mit unserem Produkt einen wichtigen Beitrag f\u00fcr Umwelt und Gesellschaft und erm\u00f6glichen mehr Effizienz und weniger Ressourcenverschwendung in der Produktion.<\/p>\n<\/div><\/div>\n\n\n\n<div class=\"wp-block-nb-icontext-item icontext-item\"><figure class=\"icontext-img\"><img decoding=\"async\" src=\"https:\/\/www.cybus.io\/wp-content\/uploads\/2022\/03\/key-features-manufacturing-data-platform-71.png\"\/><\/figure><div class=\"icontext-caption\">\n<p class=\"is-style-sub-headline has-white-color has-text-color wp-block-paragraph\"><strong><strong>BETRIEBLICHE ALTERSVORSORGE<\/strong><\/strong><\/p>\n\n\n\n<p class=\"wp-block-paragraph\">Wir helfen Dir, f\u00fcr Deine Zukunft zu vorzusorgen mit zwei verschiedenen Modellen und bis zu 100% Arbeitgeberfinanzierung.<\/p>\n<\/div><\/div>\n\n\n\n<div class=\"wp-block-nb-icontext-item icontext-item\"><figure class=\"icontext-img\"><img decoding=\"async\" src=\"https:\/\/www.cybus.io\/wp-content\/uploads\/2023\/10\/Euro-sign.png\"\/><\/figure><div class=\"icontext-caption\">\n<p class=\"is-style-sub-headline has-white-color has-text-color wp-block-paragraph\">Monatlicher Zuschuss<\/p>\n\n\n\n<p class=\"wp-block-paragraph\">Monatlicher Zuschuss f\u00fcr \u00d6PNV, Lunch, Gym und Bikeleasing. <\/p>\n\n\n\n<p class=\"wp-block-paragraph\"><\/p>\n<\/div><\/div>\n<\/div><\/div>\n\n\n<p><center><a href=\"https:\/\/kununu.com\/de\/cybus1?utm_medium=affiliate&#038;utm_source=widget&#038;utm_content=widget_score_logo_small&#038;rfr=affiliate_widget\" rel=\"nofollow noopener\" target=\"_blank\"><img decoding=\"async\" alt=\"kununu widget\" src=\"https:\/\/widgets.kununu.com\/widget_score_logo_small\/profiles\/7907482a-3fef-4ff0-a1e5-1328682dac16\" \/><\/a><\/center><\/p>\n<\/div><\/div><\/div><\/div>\n\n\n\n<div class=\"wp-block-nb-onecol ce ce-onecol pt-large pb-large wide centered\"><div class=\"container\"><div class=\"row\"><div class=\"col\">\n<h2 class=\"wp-block-heading\">How application process works<\/h2>\n\n\n\n<p class=\"wp-block-paragraph\">Our 2-step recruiting process: After we have looked at your CV, we invite you to a first short video interview with HR, followed by a detailed video interview with Cybus\u2019 VP Product and our Agile Coach. After that we, but also you, should have a good picture to make a final decision.<\/p>\n\n\n<div class=\"wp-block-image\">\n<figure class=\"aligncenter size-large\"><img loading=\"lazy\" decoding=\"async\" width=\"1024\" height=\"171\" src=\"https:\/\/www.cybus.io\/wp-content\/uploads\/2022\/03\/bewerbungsprozess-developer-cybus-1024x171.png\" alt=\"\" class=\"wp-image-21109\" srcset=\"https:\/\/www.cybus.io\/wp-content\/uploads\/2022\/03\/bewerbungsprozess-developer-cybus-1024x171.png 1024w, https:\/\/www.cybus.io\/wp-content\/uploads\/2022\/03\/bewerbungsprozess-developer-cybus-300x50.png 300w, https:\/\/www.cybus.io\/wp-content\/uploads\/2022\/03\/bewerbungsprozess-developer-cybus-768x128.png 768w, https:\/\/www.cybus.io\/wp-content\/uploads\/2022\/03\/bewerbungsprozess-developer-cybus-1536x256.png 1536w, https:\/\/www.cybus.io\/wp-content\/uploads\/2022\/03\/bewerbungsprozess-developer-cybus-2048x341.png 2048w\" sizes=\"auto, (max-width: 1024px) 100vw, 1024px\" \/><\/figure>\n<\/div><\/div><\/div><\/div><\/div>\n\n\n\n<div class=\"wp-block-nb-onecol ce ce-onecol pt-large pb-large centered bgr-blue\"><div class=\"container\"><div class=\"row\"><div class=\"col\">\n<p class=\"is-style-sub-headline wp-block-paragraph\">WE ARE LOOKING FORWARD TO YOUR APPLICATION!<\/p>\n\n\n\n<h2 class=\"wp-block-heading\">Send us your CV<\/h2>\n\n\n\n<p class=\"wp-block-paragraph\">We value diversity and therefore welcome all applications \u2013 regardless of gender, nationality, ethnic and social origin, religion\/beliefs, disabilities, age, sexual orientation and identity.<\/p>\n\n\n\n<div class=\"wp-block-buttons is-content-justification-center is-layout-flex wp-container-core-buttons-is-layout-fe48e5de wp-block-buttons-is-layout-flex\">\n<div class=\"wp-block-button is-style-primary\"><a class=\"wp-block-button__link wp-element-button\" href=\"https:\/\/cybus-gmbh.jobs.personio.de\/job\/923679#apply\">Apply now<\/a><\/div>\n<\/div>\n<\/div><\/div><\/div><\/div>\n","protected":false},"excerpt":{"rendered":"","protected":false},"author":5,"featured_media":0,"parent":32557,"menu_order":5,"comment_status":"closed","ping_status":"closed","template":"","meta":{"_acf_changed":false,"_crdt_document":"","footnotes":""},"class_list":["post-32184","page","type-page","status-publish","hentry"],"acf":[],"yoast_head":"<!-- This site is optimized with the Yoast SEO Premium plugin v27.3 (Yoast SEO v27.3) - https:\/\/yoast.com\/product\/yoast-seo-premium-wordpress\/ -->\n<title>Working Student in People Operations (gn) - Apply now at Cybus!<\/title>\n<meta name=\"robots\" content=\"index, follow, max-snippet:-1, max-image-preview:large, max-video-preview:-1\" \/>\n<link rel=\"canonical\" href=\"https:\/\/www.cybus.io\/en\/jobs\/career\/working-student-people-operations\/\" \/>\n<meta property=\"og:locale\" content=\"en_US\" \/>\n<meta property=\"og:type\" content=\"article\" \/>\n<meta property=\"og:title\" content=\"Werkstudent People Operations\" \/>\n<meta property=\"og:url\" content=\"https:\/\/www.cybus.io\/en\/jobs\/career\/working-student-people-operations\/\" \/>\n<meta property=\"og:site_name\" content=\"Cybus.io\" \/>\n<meta property=\"article:publisher\" content=\"https:\/\/www.facebook.com\/cybusgmbh\/\" \/>\n<meta property=\"article:modified_time\" content=\"2023-04-13T15:57:58+00:00\" \/>\n<meta property=\"og:image\" content=\"https:\/\/www.cybus.io\/wp-content\/uploads\/2022\/03\/node-js-developer-vacancies-1.jpeg\" \/>\n<meta name=\"twitter:card\" content=\"summary_large_image\" \/>\n<meta name=\"twitter:site\" content=\"@cybus_io\" \/>\n<script type=\"application\/ld+json\" class=\"yoast-schema-graph\">{\"@context\":\"https:\\\/\\\/schema.org\",\"@graph\":[{\"@type\":\"WebPage\",\"@id\":\"https:\\\/\\\/www.cybus.io\\\/en\\\/jobs\\\/career\\\/working-student-people-operations\\\/\",\"url\":\"https:\\\/\\\/www.cybus.io\\\/en\\\/jobs\\\/career\\\/working-student-people-operations\\\/\",\"name\":\"Working Student in People Operations (gn) - Apply now at Cybus!\",\"isPartOf\":{\"@id\":\"https:\\\/\\\/www.cybus.io\\\/en\\\/#website\"},\"primaryImageOfPage\":{\"@id\":\"https:\\\/\\\/www.cybus.io\\\/en\\\/jobs\\\/career\\\/working-student-people-operations\\\/#primaryimage\"},\"image\":{\"@id\":\"https:\\\/\\\/www.cybus.io\\\/en\\\/jobs\\\/career\\\/working-student-people-operations\\\/#primaryimage\"},\"thumbnailUrl\":\"https:\\\/\\\/www.cybus.io\\\/wp-content\\\/uploads\\\/2022\\\/03\\\/node-js-developer-vacancies-1.jpeg\",\"datePublished\":\"2023-04-13T15:36:01+00:00\",\"dateModified\":\"2023-04-13T15:57:58+00:00\",\"breadcrumb\":{\"@id\":\"https:\\\/\\\/www.cybus.io\\\/en\\\/jobs\\\/career\\\/working-student-people-operations\\\/#breadcrumb\"},\"inLanguage\":\"en-US\",\"potentialAction\":[{\"@type\":\"ReadAction\",\"target\":[\"https:\\\/\\\/www.cybus.io\\\/en\\\/jobs\\\/career\\\/working-student-people-operations\\\/\"]}]},{\"@type\":\"ImageObject\",\"inLanguage\":\"en-US\",\"@id\":\"https:\\\/\\\/www.cybus.io\\\/en\\\/jobs\\\/career\\\/working-student-people-operations\\\/#primaryimage\",\"url\":\"https:\\\/\\\/www.cybus.io\\\/wp-content\\\/uploads\\\/2022\\\/03\\\/node-js-developer-vacancies-1.jpeg\",\"contentUrl\":\"https:\\\/\\\/www.cybus.io\\\/wp-content\\\/uploads\\\/2022\\\/03\\\/node-js-developer-vacancies-1.jpeg\"},{\"@type\":\"BreadcrumbList\",\"@id\":\"https:\\\/\\\/www.cybus.io\\\/en\\\/jobs\\\/career\\\/working-student-people-operations\\\/#breadcrumb\",\"itemListElement\":[{\"@type\":\"ListItem\",\"position\":1,\"name\":\"Startseite\",\"item\":\"https:\\\/\\\/www.cybus.io\\\/en\\\/\"},{\"@type\":\"ListItem\",\"position\":2,\"name\":\"Jobs\",\"item\":\"https:\\\/\\\/www.cybus.io\\\/en\\\/jobs\\\/\"},{\"@type\":\"ListItem\",\"position\":3,\"name\":\"Career\",\"item\":\"https:\\\/\\\/www.cybus.io\\\/en\\\/jobs\\\/career\\\/\"},{\"@type\":\"ListItem\",\"position\":4,\"name\":\"Werkstudent People Operations\"}]},{\"@type\":\"WebSite\",\"@id\":\"https:\\\/\\\/www.cybus.io\\\/en\\\/#website\",\"url\":\"https:\\\/\\\/www.cybus.io\\\/en\\\/\",\"name\":\"Cybus.io\",\"description\":\"Real-time data flow for the Manufacturing Industry\",\"publisher\":{\"@id\":\"https:\\\/\\\/www.cybus.io\\\/en\\\/#organization\"},\"potentialAction\":[{\"@type\":\"SearchAction\",\"target\":{\"@type\":\"EntryPoint\",\"urlTemplate\":\"https:\\\/\\\/www.cybus.io\\\/en\\\/?s={search_term_string}\"},\"query-input\":{\"@type\":\"PropertyValueSpecification\",\"valueRequired\":true,\"valueName\":\"search_term_string\"}}],\"inLanguage\":\"en-US\"},{\"@type\":\"Organization\",\"@id\":\"https:\\\/\\\/www.cybus.io\\\/en\\\/#organization\",\"name\":\"Cybus GmbH\",\"alternateName\":\"Cybus\",\"url\":\"https:\\\/\\\/www.cybus.io\\\/en\\\/\",\"logo\":{\"@type\":\"ImageObject\",\"inLanguage\":\"en-US\",\"@id\":\"https:\\\/\\\/www.cybus.io\\\/en\\\/#\\\/schema\\\/logo\\\/image\\\/\",\"url\":\"https:\\\/\\\/www.cybus.io\\\/wp-content\\\/uploads\\\/2022\\\/03\\\/cropped-cybus-logo-bildmarke300x290.png\",\"contentUrl\":\"https:\\\/\\\/www.cybus.io\\\/wp-content\\\/uploads\\\/2022\\\/03\\\/cropped-cybus-logo-bildmarke300x290.png\",\"width\":512,\"height\":512,\"caption\":\"Cybus GmbH\"},\"image\":{\"@id\":\"https:\\\/\\\/www.cybus.io\\\/en\\\/#\\\/schema\\\/logo\\\/image\\\/\"},\"sameAs\":[\"https:\\\/\\\/www.facebook.com\\\/cybusgmbh\\\/\",\"https:\\\/\\\/x.com\\\/cybus_io\",\"https:\\\/\\\/www.linkedin.com\\\/company\\\/cybus\\\/\",\"https:\\\/\\\/www.youtube.com\\\/channel\\\/UCkp33a41zYUZ1QwilQtfAUQ\"]}]}<\/script>\n<!-- \/ Yoast SEO Premium plugin. -->","yoast_head_json":{"title":"Working Student in People Operations (gn) - Apply now at Cybus!","robots":{"index":"index","follow":"follow","max-snippet":"max-snippet:-1","max-image-preview":"max-image-preview:large","max-video-preview":"max-video-preview:-1"},"canonical":"https:\/\/www.cybus.io\/en\/jobs\/career\/working-student-people-operations\/","og_locale":"en_US","og_type":"article","og_title":"Werkstudent People Operations","og_url":"https:\/\/www.cybus.io\/en\/jobs\/career\/working-student-people-operations\/","og_site_name":"Cybus.io","article_publisher":"https:\/\/www.facebook.com\/cybusgmbh\/","article_modified_time":"2023-04-13T15:57:58+00:00","og_image":[{"url":"https:\/\/www.cybus.io\/wp-content\/uploads\/2022\/03\/node-js-developer-vacancies-1.jpeg","type":"","width":"","height":""}],"twitter_card":"summary_large_image","twitter_site":"@cybus_io","schema":{"@context":"https:\/\/schema.org","@graph":[{"@type":"WebPage","@id":"https:\/\/www.cybus.io\/en\/jobs\/career\/working-student-people-operations\/","url":"https:\/\/www.cybus.io\/en\/jobs\/career\/working-student-people-operations\/","name":"Working Student in People Operations (gn) - Apply now at Cybus!","isPartOf":{"@id":"https:\/\/www.cybus.io\/en\/#website"},"primaryImageOfPage":{"@id":"https:\/\/www.cybus.io\/en\/jobs\/career\/working-student-people-operations\/#primaryimage"},"image":{"@id":"https:\/\/www.cybus.io\/en\/jobs\/career\/working-student-people-operations\/#primaryimage"},"thumbnailUrl":"https:\/\/www.cybus.io\/wp-content\/uploads\/2022\/03\/node-js-developer-vacancies-1.jpeg","datePublished":"2023-04-13T15:36:01+00:00","dateModified":"2023-04-13T15:57:58+00:00","breadcrumb":{"@id":"https:\/\/www.cybus.io\/en\/jobs\/career\/working-student-people-operations\/#breadcrumb"},"inLanguage":"en-US","potentialAction":[{"@type":"ReadAction","target":["https:\/\/www.cybus.io\/en\/jobs\/career\/working-student-people-operations\/"]}]},{"@type":"ImageObject","inLanguage":"en-US","@id":"https:\/\/www.cybus.io\/en\/jobs\/career\/working-student-people-operations\/#primaryimage","url":"https:\/\/www.cybus.io\/wp-content\/uploads\/2022\/03\/node-js-developer-vacancies-1.jpeg","contentUrl":"https:\/\/www.cybus.io\/wp-content\/uploads\/2022\/03\/node-js-developer-vacancies-1.jpeg"},{"@type":"BreadcrumbList","@id":"https:\/\/www.cybus.io\/en\/jobs\/career\/working-student-people-operations\/#breadcrumb","itemListElement":[{"@type":"ListItem","position":1,"name":"Startseite","item":"https:\/\/www.cybus.io\/en\/"},{"@type":"ListItem","position":2,"name":"Jobs","item":"https:\/\/www.cybus.io\/en\/jobs\/"},{"@type":"ListItem","position":3,"name":"Career","item":"https:\/\/www.cybus.io\/en\/jobs\/career\/"},{"@type":"ListItem","position":4,"name":"Werkstudent People Operations"}]},{"@type":"WebSite","@id":"https:\/\/www.cybus.io\/en\/#website","url":"https:\/\/www.cybus.io\/en\/","name":"Cybus.io","description":"Real-time data flow for the Manufacturing Industry","publisher":{"@id":"https:\/\/www.cybus.io\/en\/#organization"},"potentialAction":[{"@type":"SearchAction","target":{"@type":"EntryPoint","urlTemplate":"https:\/\/www.cybus.io\/en\/?s={search_term_string}"},"query-input":{"@type":"PropertyValueSpecification","valueRequired":true,"valueName":"search_term_string"}}],"inLanguage":"en-US"},{"@type":"Organization","@id":"https:\/\/www.cybus.io\/en\/#organization","name":"Cybus GmbH","alternateName":"Cybus","url":"https:\/\/www.cybus.io\/en\/","logo":{"@type":"ImageObject","inLanguage":"en-US","@id":"https:\/\/www.cybus.io\/en\/#\/schema\/logo\/image\/","url":"https:\/\/www.cybus.io\/wp-content\/uploads\/2022\/03\/cropped-cybus-logo-bildmarke300x290.png","contentUrl":"https:\/\/www.cybus.io\/wp-content\/uploads\/2022\/03\/cropped-cybus-logo-bildmarke300x290.png","width":512,"height":512,"caption":"Cybus GmbH"},"image":{"@id":"https:\/\/www.cybus.io\/en\/#\/schema\/logo\/image\/"},"sameAs":["https:\/\/www.facebook.com\/cybusgmbh\/","https:\/\/x.com\/cybus_io","https:\/\/www.linkedin.com\/company\/cybus\/","https:\/\/www.youtube.com\/channel\/UCkp33a41zYUZ1QwilQtfAUQ"]}]}},"_links":{"self":[{"href":"https:\/\/www.cybus.io\/en\/wp-json\/wp\/v2\/pages\/32184","targetHints":{"allow":["GET"]}}],"collection":[{"href":"https:\/\/www.cybus.io\/en\/wp-json\/wp\/v2\/pages"}],"about":[{"href":"https:\/\/www.cybus.io\/en\/wp-json\/wp\/v2\/types\/page"}],"author":[{"embeddable":true,"href":"https:\/\/www.cybus.io\/en\/wp-json\/wp\/v2\/users\/5"}],"replies":[{"embeddable":true,"href":"https:\/\/www.cybus.io\/en\/wp-json\/wp\/v2\/comments?post=32184"}],"version-history":[{"count":0,"href":"https:\/\/www.cybus.io\/en\/wp-json\/wp\/v2\/pages\/32184\/revisions"}],"up":[{"embeddable":true,"href":"https:\/\/www.cybus.io\/en\/wp-json\/wp\/v2\/pages\/32557"}],"wp:attachment":[{"href":"https:\/\/www.cybus.io\/en\/wp-json\/wp\/v2\/media?parent=32184"}],"curies":[{"name":"wp","href":"https:\/\/api.w.org\/{rel}","templated":true}]}}