{"id":38095,"date":"2023-11-13T17:11:03","date_gmt":"2023-11-13T16:11:03","guid":{"rendered":"https:\/\/beta.cybus.io\/?page_id=38095"},"modified":"2025-06-25T10:14:37","modified_gmt":"2025-06-25T08:14:37","slug":"case-studies","status":"publish","type":"page","link":"https:\/\/www.cybus.io\/en\/case-studies\/","title":{"rendered":"Case studies"},"content":{"rendered":"\n<div class=\"wp-block-nb-twocol ce ce-twocol pt-large pb-large wide layout-5-1-6 swap-columns-md bgr-blue-light bgr-img-fullwidth bgr-img-fixed\" style=\"background-image:url(https:\/\/www.cybus.io\/wp-content\/uploads\/2023\/03\/Brackets-overlay-bg.png)\"><div class=\"container\"><div class=\"row\">\n<div class=\"wp-block-nb-column col col-custom-1\">\n<h2 class=\"wp-block-heading\" id=\"h-vollstandige-version-als-pdf\">Vollst\u00e4ndige Version als PDF<\/h2>\n\n\n\n<p class=\"wp-block-paragraph\">Genie\u00dfen Sie unsere Use Case auch offline. Sie k\u00f6nnen die vollst\u00e4ndige Version kostenlos herunterladen<\/p>\n\n\n\n<figure class=\"wp-block-image size-full\"><a href=\"https:\/\/www.cybus.io\/wp-content\/uploads\/2023\/10\/Case-Study-cover-DE.png\"><img loading=\"lazy\" decoding=\"async\" width=\"600\" height=\"400\" src=\"https:\/\/www.cybus.io\/wp-content\/uploads\/2023\/10\/Case-Study-cover-DE.png\" alt=\"\" class=\"wp-image-37786\" srcset=\"https:\/\/www.cybus.io\/wp-content\/uploads\/2023\/10\/Case-Study-cover-DE.png 600w, https:\/\/www.cybus.io\/wp-content\/uploads\/2023\/10\/Case-Study-cover-DE-300x200.png 300w\" sizes=\"auto, (max-width: 600px) 100vw, 600px\" \/><\/a><\/figure>\n<\/div>\n\n\n\n<div class=\"wp-block-nb-column col col-custom-2\">\n<h2 class=\"wp-block-heading\" id=\"vollst\u00e4ndige-version\">Jetzt herunterladen<\/h2>\n\n\n<p><script charset=\"utf-8\" type=\"text\/javascript\" src=\"\/\/js-eu1.hsforms.net\/forms\/embed\/v2.js\"><\/script><br \/>\n<script>\n  hbspt.forms.create({\n    portalId: \"143306915\",\n    formId: \"8a48c6ff-b6db-4f85-b6c5-0db048e484e8\",\n    region: \"eu1\"\n  });\n<\/script><\/p>\n<\/div>\n<\/div><\/div><\/div>\n","protected":false},"excerpt":{"rendered":"","protected":false},"author":5,"featured_media":0,"parent":0,"menu_order":21,"comment_status":"closed","ping_status":"closed","template":"","meta":{"_acf_changed":false,"_crdt_document":"","footnotes":""},"class_list":["post-38095","page","type-page","status-publish","hentry"],"acf":[],"yoast_head":"<!-- This site is optimized with the Yoast SEO Premium plugin v27.3 (Yoast SEO v27.3) - https:\/\/yoast.com\/product\/yoast-seo-premium-wordpress\/ -->\n<title>Case studies | Cybus.io<\/title>\n<meta name=\"robots\" content=\"index, follow, max-snippet:-1, max-image-preview:large, max-video-preview:-1\" \/>\n<link rel=\"canonical\" href=\"https:\/\/www.cybus.io\/en\/case-studies\/\" \/>\n<meta property=\"og:locale\" content=\"en_US\" \/>\n<meta property=\"og:type\" content=\"article\" \/>\n<meta property=\"og:title\" content=\"Case studies\" \/>\n<meta property=\"og:url\" content=\"https:\/\/www.cybus.io\/en\/case-studies\/\" \/>\n<meta property=\"og:site_name\" content=\"Cybus.io\" \/>\n<meta property=\"article:publisher\" content=\"https:\/\/www.facebook.com\/cybusgmbh\/\" \/>\n<meta property=\"article:modified_time\" content=\"2025-06-25T08:14:37+00:00\" \/>\n<meta property=\"og:image\" content=\"https:\/\/www.cybus.io\/wp-content\/uploads\/2023\/10\/Case-Study-cover-DE.png\" \/>\n\t<meta property=\"og:image:width\" content=\"600\" \/>\n\t<meta property=\"og:image:height\" content=\"400\" \/>\n\t<meta property=\"og:image:type\" content=\"image\/png\" \/>\n<meta name=\"twitter:card\" content=\"summary_large_image\" \/>\n<meta name=\"twitter:site\" content=\"@cybus_io\" \/>\n<script type=\"application\/ld+json\" class=\"yoast-schema-graph\">{\"@context\":\"https:\\\/\\\/schema.org\",\"@graph\":[{\"@type\":\"WebPage\",\"@id\":\"https:\\\/\\\/www.cybus.io\\\/en\\\/case-studies\\\/\",\"url\":\"https:\\\/\\\/www.cybus.io\\\/en\\\/case-studies\\\/\",\"name\":\"Case studies | Cybus.io\",\"isPartOf\":{\"@id\":\"https:\\\/\\\/www.cybus.io\\\/en\\\/#website\"},\"primaryImageOfPage\":{\"@id\":\"https:\\\/\\\/www.cybus.io\\\/en\\\/case-studies\\\/#primaryimage\"},\"image\":{\"@id\":\"https:\\\/\\\/www.cybus.io\\\/en\\\/case-studies\\\/#primaryimage\"},\"thumbnailUrl\":\"https:\\\/\\\/www.cybus.io\\\/wp-content\\\/uploads\\\/2023\\\/10\\\/Case-Study-cover-DE.png\",\"datePublished\":\"2023-11-13T16:11:03+00:00\",\"dateModified\":\"2025-06-25T08:14:37+00:00\",\"breadcrumb\":{\"@id\":\"https:\\\/\\\/www.cybus.io\\\/en\\\/case-studies\\\/#breadcrumb\"},\"inLanguage\":\"en-US\",\"potentialAction\":[{\"@type\":\"ReadAction\",\"target\":[\"https:\\\/\\\/www.cybus.io\\\/en\\\/case-studies\\\/\"]}]},{\"@type\":\"ImageObject\",\"inLanguage\":\"en-US\",\"@id\":\"https:\\\/\\\/www.cybus.io\\\/en\\\/case-studies\\\/#primaryimage\",\"url\":\"https:\\\/\\\/www.cybus.io\\\/wp-content\\\/uploads\\\/2023\\\/10\\\/Case-Study-cover-DE.png\",\"contentUrl\":\"https:\\\/\\\/www.cybus.io\\\/wp-content\\\/uploads\\\/2023\\\/10\\\/Case-Study-cover-DE.png\"},{\"@type\":\"BreadcrumbList\",\"@id\":\"https:\\\/\\\/www.cybus.io\\\/en\\\/case-studies\\\/#breadcrumb\",\"itemListElement\":[{\"@type\":\"ListItem\",\"position\":1,\"name\":\"Startseite\",\"item\":\"https:\\\/\\\/www.cybus.io\\\/en\\\/\"},{\"@type\":\"ListItem\",\"position\":2,\"name\":\"Case studies\"}]},{\"@type\":\"WebSite\",\"@id\":\"https:\\\/\\\/www.cybus.io\\\/en\\\/#website\",\"url\":\"https:\\\/\\\/www.cybus.io\\\/en\\\/\",\"name\":\"Cybus.io\",\"description\":\"Real-time data flow for the Manufacturing Industry\",\"publisher\":{\"@id\":\"https:\\\/\\\/www.cybus.io\\\/en\\\/#organization\"},\"potentialAction\":[{\"@type\":\"SearchAction\",\"target\":{\"@type\":\"EntryPoint\",\"urlTemplate\":\"https:\\\/\\\/www.cybus.io\\\/en\\\/?s={search_term_string}\"},\"query-input\":{\"@type\":\"PropertyValueSpecification\",\"valueRequired\":true,\"valueName\":\"search_term_string\"}}],\"inLanguage\":\"en-US\"},{\"@type\":\"Organization\",\"@id\":\"https:\\\/\\\/www.cybus.io\\\/en\\\/#organization\",\"name\":\"Cybus GmbH\",\"alternateName\":\"Cybus\",\"url\":\"https:\\\/\\\/www.cybus.io\\\/en\\\/\",\"logo\":{\"@type\":\"ImageObject\",\"inLanguage\":\"en-US\",\"@id\":\"https:\\\/\\\/www.cybus.io\\\/en\\\/#\\\/schema\\\/logo\\\/image\\\/\",\"url\":\"https:\\\/\\\/www.cybus.io\\\/wp-content\\\/uploads\\\/2022\\\/03\\\/cropped-cybus-logo-bildmarke300x290.png\",\"contentUrl\":\"https:\\\/\\\/www.cybus.io\\\/wp-content\\\/uploads\\\/2022\\\/03\\\/cropped-cybus-logo-bildmarke300x290.png\",\"width\":512,\"height\":512,\"caption\":\"Cybus GmbH\"},\"image\":{\"@id\":\"https:\\\/\\\/www.cybus.io\\\/en\\\/#\\\/schema\\\/logo\\\/image\\\/\"},\"sameAs\":[\"https:\\\/\\\/www.facebook.com\\\/cybusgmbh\\\/\",\"https:\\\/\\\/x.com\\\/cybus_io\",\"https:\\\/\\\/www.linkedin.com\\\/company\\\/cybus\\\/\",\"https:\\\/\\\/www.youtube.com\\\/channel\\\/UCkp33a41zYUZ1QwilQtfAUQ\"]}]}<\/script>\n<!-- \/ Yoast SEO Premium plugin. -->","yoast_head_json":{"title":"Case studies | Cybus.io","robots":{"index":"index","follow":"follow","max-snippet":"max-snippet:-1","max-image-preview":"max-image-preview:large","max-video-preview":"max-video-preview:-1"},"canonical":"https:\/\/www.cybus.io\/en\/case-studies\/","og_locale":"en_US","og_type":"article","og_title":"Case studies","og_url":"https:\/\/www.cybus.io\/en\/case-studies\/","og_site_name":"Cybus.io","article_publisher":"https:\/\/www.facebook.com\/cybusgmbh\/","article_modified_time":"2025-06-25T08:14:37+00:00","og_image":[{"width":600,"height":400,"url":"https:\/\/www.cybus.io\/wp-content\/uploads\/2023\/10\/Case-Study-cover-DE.png","type":"image\/png"}],"twitter_card":"summary_large_image","twitter_site":"@cybus_io","schema":{"@context":"https:\/\/schema.org","@graph":[{"@type":"WebPage","@id":"https:\/\/www.cybus.io\/en\/case-studies\/","url":"https:\/\/www.cybus.io\/en\/case-studies\/","name":"Case studies | Cybus.io","isPartOf":{"@id":"https:\/\/www.cybus.io\/en\/#website"},"primaryImageOfPage":{"@id":"https:\/\/www.cybus.io\/en\/case-studies\/#primaryimage"},"image":{"@id":"https:\/\/www.cybus.io\/en\/case-studies\/#primaryimage"},"thumbnailUrl":"https:\/\/www.cybus.io\/wp-content\/uploads\/2023\/10\/Case-Study-cover-DE.png","datePublished":"2023-11-13T16:11:03+00:00","dateModified":"2025-06-25T08:14:37+00:00","breadcrumb":{"@id":"https:\/\/www.cybus.io\/en\/case-studies\/#breadcrumb"},"inLanguage":"en-US","potentialAction":[{"@type":"ReadAction","target":["https:\/\/www.cybus.io\/en\/case-studies\/"]}]},{"@type":"ImageObject","inLanguage":"en-US","@id":"https:\/\/www.cybus.io\/en\/case-studies\/#primaryimage","url":"https:\/\/www.cybus.io\/wp-content\/uploads\/2023\/10\/Case-Study-cover-DE.png","contentUrl":"https:\/\/www.cybus.io\/wp-content\/uploads\/2023\/10\/Case-Study-cover-DE.png"},{"@type":"BreadcrumbList","@id":"https:\/\/www.cybus.io\/en\/case-studies\/#breadcrumb","itemListElement":[{"@type":"ListItem","position":1,"name":"Startseite","item":"https:\/\/www.cybus.io\/en\/"},{"@type":"ListItem","position":2,"name":"Case studies"}]},{"@type":"WebSite","@id":"https:\/\/www.cybus.io\/en\/#website","url":"https:\/\/www.cybus.io\/en\/","name":"Cybus.io","description":"Real-time data flow for the Manufacturing Industry","publisher":{"@id":"https:\/\/www.cybus.io\/en\/#organization"},"potentialAction":[{"@type":"SearchAction","target":{"@type":"EntryPoint","urlTemplate":"https:\/\/www.cybus.io\/en\/?s={search_term_string}"},"query-input":{"@type":"PropertyValueSpecification","valueRequired":true,"valueName":"search_term_string"}}],"inLanguage":"en-US"},{"@type":"Organization","@id":"https:\/\/www.cybus.io\/en\/#organization","name":"Cybus GmbH","alternateName":"Cybus","url":"https:\/\/www.cybus.io\/en\/","logo":{"@type":"ImageObject","inLanguage":"en-US","@id":"https:\/\/www.cybus.io\/en\/#\/schema\/logo\/image\/","url":"https:\/\/www.cybus.io\/wp-content\/uploads\/2022\/03\/cropped-cybus-logo-bildmarke300x290.png","contentUrl":"https:\/\/www.cybus.io\/wp-content\/uploads\/2022\/03\/cropped-cybus-logo-bildmarke300x290.png","width":512,"height":512,"caption":"Cybus GmbH"},"image":{"@id":"https:\/\/www.cybus.io\/en\/#\/schema\/logo\/image\/"},"sameAs":["https:\/\/www.facebook.com\/cybusgmbh\/","https:\/\/x.com\/cybus_io","https:\/\/www.linkedin.com\/company\/cybus\/","https:\/\/www.youtube.com\/channel\/UCkp33a41zYUZ1QwilQtfAUQ"]}]}},"_links":{"self":[{"href":"https:\/\/www.cybus.io\/en\/wp-json\/wp\/v2\/pages\/38095","targetHints":{"allow":["GET"]}}],"collection":[{"href":"https:\/\/www.cybus.io\/en\/wp-json\/wp\/v2\/pages"}],"about":[{"href":"https:\/\/www.cybus.io\/en\/wp-json\/wp\/v2\/types\/page"}],"author":[{"embeddable":true,"href":"https:\/\/www.cybus.io\/en\/wp-json\/wp\/v2\/users\/5"}],"replies":[{"embeddable":true,"href":"https:\/\/www.cybus.io\/en\/wp-json\/wp\/v2\/comments?post=38095"}],"version-history":[{"count":1,"href":"https:\/\/www.cybus.io\/en\/wp-json\/wp\/v2\/pages\/38095\/revisions"}],"predecessor-version":[{"id":48218,"href":"https:\/\/www.cybus.io\/en\/wp-json\/wp\/v2\/pages\/38095\/revisions\/48218"}],"wp:attachment":[{"href":"https:\/\/www.cybus.io\/en\/wp-json\/wp\/v2\/media?parent=38095"}],"curies":[{"name":"wp","href":"https:\/\/api.w.org\/{rel}","templated":true}]}}